{"id":2,"date":"2020-06-12T11:33:48","date_gmt":"2020-06-12T09:33:48","guid":{"rendered":"http:\/\/www.uciim.it\/trentino\/?page_id=2"},"modified":"2025-01-18T14:09:31","modified_gmt":"2025-01-18T13:09:31","slug":"chi-siamo","status":"publish","type":"page","link":"https:\/\/uciim.it\/trentino\/chi-siamo\/","title":{"rendered":"Chi siamo"},"content":{"rendered":"<p><a href=\"http:\/\/uciim.it\/trentino\/chi-siamo\/logo-uciim-2\/\" rel=\"attachment wp-att-228\"><img loading=\"lazy\" decoding=\"async\" class=\"alignnone wp-image-228 size-large\" src=\"http:\/\/uciim.it\/trentino\/wp-content\/uploads\/sites\/13\/2021\/02\/logo-uciim-1024x222.png\" alt=\"\" width=\"860\" height=\"186\" srcset=\"https:\/\/uciim.it\/trentino\/wp-content\/uploads\/sites\/13\/2021\/02\/logo-uciim-1024x222.png 1024w, https:\/\/uciim.it\/trentino\/wp-content\/uploads\/sites\/13\/2021\/02\/logo-uciim-300x65.png 300w, https:\/\/uciim.it\/trentino\/wp-content\/uploads\/sites\/13\/2021\/02\/logo-uciim-768x166.png 768w, https:\/\/uciim.it\/trentino\/wp-content\/uploads\/sites\/13\/2021\/02\/logo-uciim-24x5.png 24w, https:\/\/uciim.it\/trentino\/wp-content\/uploads\/sites\/13\/2021\/02\/logo-uciim-36x8.png 36w, https:\/\/uciim.it\/trentino\/wp-content\/uploads\/sites\/13\/2021\/02\/logo-uciim-48x10.png 48w, https:\/\/uciim.it\/trentino\/wp-content\/uploads\/sites\/13\/2021\/02\/logo-uciim.png 1340w\" sizes=\"(max-width: 860px) 100vw, 860px\" \/><\/a><\/p>\n<p><a href=\"http:\/\/uciim.it\/trentino\/\"><strong>UCIIM \u2013 Trentino-Alto Adige\/S\u00fcdtirol<\/strong><\/a><\/p>\n<p><strong>Sezione di Trento<\/strong><\/p>\n<p>Referenti:<\/p>\n<p>Olga\u00a0Bombardelli<\/p>\n<p>Laura\u00a0Simeon<\/p>\n<p>Via S. Croce, 63<\/p>\n<p>38122 TRENTO<\/p>\n<p>tel. 349 1300431\u00a0 &#8211;\u00a0 333 5683111<\/p>\n<p>e mail \u00a0 <a href=\"mailto:sezione.trento@uciim.it\">sezione.trento@uciim.it<\/a>\u00a0 &#8211;\u00a0 <a href=\"mailto:uciimtn@yahoo.com\">uciimtn@yahoo.com<\/a><\/p>\n<p>Messaggio del nostro consulente ecclesiastico d. Gianfranco Corradi, attinto da uno scritto di p. Antonio Sicari (&#8220;Viaggio nel Vangelo&#8221;):<\/p>\n<p><em>&#8216;Il cristiano non \u00e8 mai uno che si appropria di Cristo: i cristiani sono solo di Cristo, ma Cristo non \u00e8 solo dei cristiani, ed \u00e8 per questo che costoro sono tenuti alla missione, cio\u00e8 a comunicarlo agli altri.&#8217;<\/em><\/p>\n<p>Testimoniandolo, soprattutto.<br \/>Buon cammino a tutti: vivete, viviamo il Vangelo, Cristo tra noi.<br \/>don Gianfranco<\/p>\n<div>\u00a0<\/div>\n<div>Per l\u2019iscrizione all&#8217;UCIIM \u00a0<a href=\"https:\/\/form.jotformeu.com\/90081487549365\">https:\/\/form.jotformeu.com\/90081487549365<\/a><\/div>\n<div>\u00a0<\/div>\n<div>\u00a0<\/div>\n\n\n<p>La sede UCIIM di Trento, in via S.Croce 63, per l\u2019a.sc. 2024\/2025 <strong>\u00e8<\/strong> <strong>aperta l\u2019ultimo luned\u00ec del mese dalle 16 alle 18<\/strong>, e in altre date su appuntamento (349 1300431 \u2013 <a href=\"mailto:sezione.trento@uciim.it\" target=\"_blank\" rel=\"noreferrer noopener\">sezione.trento@uciim.it<\/a> &#8211;  <a href=\"mailto:uciimtn@yahoo.com\" target=\"_blank\" rel=\"noreferrer noopener\">uciimtn@yahoo.com<\/a>). Idee e proposte sono sempre molto gradite.<\/p>\n\n\n\n<p><strong>PERCH\u00c9<\/strong> diventare Socio UCIIM ?<\/p>\n\n\n\n<div data-wp-interactive=\"\" class=\"wp-block-file\"><object data-wp-bind--hidden=\"!selectors.core.file.hasPdfPreview\" hidden class=\"wp-block-file__embed\" data=\"https:\/\/uciim.it\/trentino\/wp-content\/uploads\/sites\/13\/2025\/01\/locandina-2025.pdf\" type=\"application\/pdf\" style=\"width:100%;height:600px\" aria-label=\"Incorporamento di locandina-2025.\"><\/object><a id=\"wp-block-file--media-d31e1d3f-1f37-42e1-bbce-ad979f54fe69\" href=\"https:\/\/uciim.it\/trentino\/wp-content\/uploads\/sites\/13\/2025\/01\/locandina-2025.pdf\">locandina-2025<\/a><a href=\"https:\/\/uciim.it\/trentino\/wp-content\/uploads\/sites\/13\/2025\/01\/locandina-2025.pdf\" class=\"wp-block-file__button wp-element-button\" download aria-describedby=\"wp-block-file--media-d31e1d3f-1f37-42e1-bbce-ad979f54fe69\">Download<\/a><\/div>\n\n\n\n<p class=\"has-primary-color has-text-color has-link-color wp-elements-e48851b14d80179778ca5a6788ae0cd7\"><strong><em>\u00abESSERE SCUOLA, NON ESSERCI SOLO DENTRO\u00bb<\/em><\/strong><\/p>\n\n\n\n<p> <\/p>\n","protected":false},"excerpt":{"rendered":"<p>UCIIM \u2013 Trentino-Alto Adige\/S\u00fcdtirol Sezione di Trento Referenti: Olga\u00a0Bombardelli Laura\u00a0Simeon Via S. Croce, 63 38122 TRENTO tel. 349 1300431\u00a0 &#8211;\u00a0 333 5683111 e mail \u00a0 sezione.trento@uciim.it\u00a0 &#8211;\u00a0 uciimtn@yahoo.com Messaggio del nostro consulente ecclesiastico d. Gianfranco Corradi, attinto da uno scritto di p. Antonio Sicari (&#8220;Viaggio nel Vangelo&#8221;): &#8216;Il cristiano non \u00e8 mai uno che si appropria di Cristo: i cristiani<\/p>\n","protected":false},"author":169,"featured_media":0,"parent":0,"menu_order":0,"comment_status":"closed","ping_status":"open","template":"","meta":{"footnotes":""},"_links":{"self":[{"href":"https:\/\/uciim.it\/trentino\/wp-json\/wp\/v2\/pages\/2"}],"collection":[{"href":"https:\/\/uciim.it\/trentino\/wp-json\/wp\/v2\/pages"}],"about":[{"href":"https:\/\/uciim.it\/trentino\/wp-json\/wp\/v2\/types\/page"}],"author":[{"embeddable":true,"href":"https:\/\/uciim.it\/trentino\/wp-json\/wp\/v2\/users\/169"}],"replies":[{"embeddable":true,"href":"https:\/\/uciim.it\/trentino\/wp-json\/wp\/v2\/comments?post=2"}],"version-history":[{"count":21,"href":"https:\/\/uciim.it\/trentino\/wp-json\/wp\/v2\/pages\/2\/revisions"}],"predecessor-version":[{"id":643,"href":"https:\/\/uciim.it\/trentino\/wp-json\/wp\/v2\/pages\/2\/revisions\/643"}],"wp:attachment":[{"href":"https:\/\/uciim.it\/trentino\/wp-json\/wp\/v2\/media?parent=2"}],"curies":[{"name":"wp","href":"https:\/\/api.w.org\/{rel}","templated":true}]}}